{"id":3307,"date":"2020-11-17T21:50:58","date_gmt":"2020-11-17T21:50:58","guid":{"rendered":"http:\/\/54.198.220.156\/?page_id=3307"},"modified":"2026-03-03T04:58:20","modified_gmt":"2026-03-03T04:58:20","slug":"arise-one80","status":"publish","type":"page","link":"https:\/\/globalone80.org\/es\/arise-one80\/","title":{"rendered":"Arise One80"},"content":{"rendered":"<div data-elementor-type=\"wp-page\" data-elementor-id=\"3307\" class=\"elementor elementor-3307\" data-elementor-post-type=\"page\">\n\t\t\t\t<div class=\"elementor-element elementor-element-7ab3ea1 e-grid e-con-boxed e-con e-parent\" data-id=\"7ab3ea1\" data-element_type=\"container\" data-e-type=\"container\">\n\t\t\t\t\t<div class=\"e-con-inner\">\n\t\t\t\t<div class=\"elementor-element elementor-element-16f3656 elementor-widget elementor-widget-image\" data-id=\"16f3656\" data-element_type=\"widget\" data-e-type=\"widget\" data-widget_type=\"image.default\">\n\t\t\t\t\t\t\t\t\t\t\t\t\t\t\t<img fetchpriority=\"high\" decoding=\"async\" width=\"768\" height=\"512\" src=\"https:\/\/globalone80.org\/wp-content\/uploads\/2026\/02\/Ministry-of-Presence-\u2014-Empowering-Communities-Through-Compassion-Global-One80.webp\" class=\"attachment-full size-full wp-image-32097\" alt=\"Ministry of Presence \u2014 Empowering Communities Through Compassion\" srcset=\"https:\/\/globalone80.org\/wp-content\/uploads\/2026\/02\/Ministry-of-Presence-\u2014-Empowering-Communities-Through-Compassion-Global-One80.webp 768w, https:\/\/globalone80.org\/wp-content\/uploads\/2026\/02\/Ministry-of-Presence-\u2014-Empowering-Communities-Through-Compassion-Global-One80-18x12.webp 18w\" sizes=\"(max-width: 768px) 100vw, 768px\">\t\t\t\t\t\t\t\t\t\t\t\t\t\t\t<\/div>\n\t\t\t\t<div class=\"elementor-element elementor-element-2a02b24 elementor-position-top elementor-widget elementor-widget-image-box\" data-id=\"2a02b24\" data-element_type=\"widget\" data-e-type=\"widget\" data-widget_type=\"image-box.default\">\n\t\t\t\t\t<div class=\"elementor-image-box-wrapper\"><figure class=\"elementor-image-box-img\"><img decoding=\"async\" width=\"400\" height=\"171\" src=\"https:\/\/globalone80.org\/wp-content\/uploads\/2024\/04\/26-06-19-b-arise-PNG.webp\" class=\"attachment-full size-full wp-image-24222\" alt=\"Arise One80\" srcset=\"https:\/\/globalone80.org\/wp-content\/uploads\/2024\/04\/26-06-19-b-arise-PNG.webp 400w, https:\/\/globalone80.org\/wp-content\/uploads\/2024\/04\/26-06-19-b-arise-PNG-300x128.webp 300w, https:\/\/globalone80.org\/wp-content\/uploads\/2024\/04\/26-06-19-b-arise-PNG-18x8.webp 18w\" sizes=\"(max-width: 400px) 100vw, 400px\"><\/figure><div class=\"elementor-image-box-content\"><h2 class=\"elementor-image-box-title\">Ministerio de Presencia: empoderar a las comunidades a trav\u00e9s de la compasi\u00f3n<\/h2><p class=\"elementor-image-box-description\">Creemos que la transformaci\u00f3n comienza con la presencia. Hay momentos en los que las personas necesitan una mano amiga, no una limosna, alguien dispuesto a acompa\u00f1arlas en los momentos de vulnerabilidad. A trav\u00e9s de Arise One80, nos enfocamos en las <b>siguientes expresiones de compasi\u00f3n:<\/b>:<\/p><\/div><\/div>\t\t\t\t<\/div>\n\t\t<div class=\"elementor-element elementor-element-0deac7d e-con-full e-grid card-global animated-slow elementor-invisible e-con e-child\" data-id=\"0deac7d\" data-element_type=\"container\" data-e-type=\"container\" data-settings=\"{&quot;animation&quot;:&quot;fadeInUp&quot;,&quot;animation_mobile&quot;:&quot;none&quot;}\">\n\t\t\t\t<div class=\"elementor-element elementor-element-6444950 elementor-position-left elementor-vertical-align-middle elementor-widget elementor-widget-image-box\" data-id=\"6444950\" data-element_type=\"widget\" data-e-type=\"widget\" data-widget_type=\"image-box.default\">\n\t\t\t\t\t<div class=\"elementor-image-box-wrapper\"><figure class=\"elementor-image-box-img\"><img decoding=\"async\" width=\"186\" height=\"186\" src=\"https:\/\/globalone80.org\/wp-content\/uploads\/2020\/12\/Newcomers-Initiative.png\" class=\"attachment-full size-full wp-image-5588\" alt=\"Newcomers Initiative\" srcset=\"https:\/\/globalone80.org\/wp-content\/uploads\/2020\/12\/Newcomers-Initiative.png 186w, https:\/\/globalone80.org\/wp-content\/uploads\/2020\/12\/Newcomers-Initiative-150x150.png 150w, https:\/\/globalone80.org\/wp-content\/uploads\/2020\/12\/Newcomers-Initiative-45x45.png 45w\" sizes=\"(max-width: 186px) 100vw, 186px\"><\/figure><div class=\"elementor-image-box-content\"><h3 class=\"elementor-image-box-title\">Iniciativa de reci\u00e9n llegados<\/h3><\/div><\/div>\t\t\t\t<\/div>\n\t\t\t\t<div class=\"elementor-element elementor-element-b7762b1 elementor-widget elementor-widget-text-editor\" data-id=\"b7762b1\" data-element_type=\"widget\" data-e-type=\"widget\" data-widget_type=\"text-editor.default\">\n\t\t\t\t\t\t\t\t\tLa Iniciativa para reci\u00e9n llegados apoya a los refugiados y solicitantes de asilo mientras reconstruyen sus vidas con seguridad y estabilidad.\n<br><br>\nUna vez que se obtenga la recaudaci\u00f3n, proporcionamos asistencia financiera para la representaci\u00f3n legal cualificada y los gastos b\u00e1sicos de subsistencia durante el periodo de transici\u00f3n.\n<br><br>\nNuestro objetivo es sencillo: ayudar a las familias a pasar de la incertidumbre a la estabilidad con dignidad y esperanza.\t\t\t\t\t\t\t\t<\/div>\n\t\t\t\t<div class=\"elementor-element elementor-element-c29812f elementor-align-justify elementor-tablet-align-justify elementor-widget elementor-widget-button\" data-id=\"c29812f\" data-element_type=\"widget\" data-e-type=\"widget\" data-widget_type=\"button.default\">\n\t\t\t\t\t\t\t\t\t\t<a class=\"elementor-button elementor-button-link elementor-size-sm\" href=\"https:\/\/gift.idonate.com\/global-one80\/newcomers-initiative\" target=\"_blank\" rel=\"nofollow noopener\">\n\t\t\t\t\t\t<span class=\"elementor-button-content-wrapper\">\n\t\t\t\t\t\t<span class=\"elementor-button-icon\">\n\t\t\t\t<svg aria-hidden=\"true\" class=\"e-font-icon-svg e-fas-hand-holding-heart\" viewbox=\"0 0 576 512\" xmlns=\"http:\/\/www.w3.org\/2000\/svg\"><path d=\"M275.3 250.5c7 7.4 18.4 7.4 25.5 0l108.9-114.2c31.6-33.2 29.8-88.2-5.6-118.8-30.8-26.7-76.7-21.9-104.9 7.7L288 36.9l-11.1-11.6C248.7-4.4 202.8-9.2 172 17.5c-35.3 30.6-37.2 85.6-5.6 118.8l108.9 114.2zm290 77.6c-11.8-10.7-30.2-10-42.6 0L430.3 402c-11.3 9.1-25.4 14-40 14H272c-8.8 0-16-7.2-16-16s7.2-16 16-16h78.3c15.9 0 30.7-10.9 33.3-26.6 3.3-20-12.1-37.4-31.6-37.4H192c-27 0-53.1 9.3-74.1 26.3L71.4 384H16c-8.8 0-16 7.2-16 16v96c0 8.8 7.2 16 16 16h356.8c14.5 0 28.6-4.9 40-14L564 377c15.2-12.1 16.4-35.3 1.3-48.9z\"><\/path><\/svg>\t\t\t<\/span>\n\t\t\t\t\t\t\t\t\t<span class=\"elementor-button-text\">DONAR<\/span>\n\t\t\t\t\t<\/span>\n\t\t\t\t\t<\/a>\n\t\t\t\t\t\t\t\t<\/div>\n\t\t\t\t<\/div>\n\t\t<div class=\"elementor-element elementor-element-6a0d2f5 e-con-full e-grid card-global animated-slow elementor-invisible e-con e-child\" data-id=\"6a0d2f5\" data-element_type=\"container\" data-e-type=\"container\" data-settings=\"{&quot;animation&quot;:&quot;fadeInUp&quot;,&quot;animation_mobile&quot;:&quot;none&quot;}\">\n\t\t\t\t<div class=\"elementor-element elementor-element-ed08a0c elementor-position-left elementor-vertical-align-middle elementor-widget elementor-widget-image-box\" data-id=\"ed08a0c\" data-element_type=\"widget\" data-e-type=\"widget\" data-widget_type=\"image-box.default\">\n\t\t\t\t\t<div class=\"elementor-image-box-wrapper\"><figure class=\"elementor-image-box-img\"><img loading=\"lazy\" decoding=\"async\" width=\"186\" height=\"186\" src=\"https:\/\/globalone80.org\/wp-content\/uploads\/2020\/12\/Youth-Intervention.png\" class=\"attachment-full size-full wp-image-5586\" alt=\"Youth Intervention\" srcset=\"https:\/\/globalone80.org\/wp-content\/uploads\/2020\/12\/Youth-Intervention.png 186w, https:\/\/globalone80.org\/wp-content\/uploads\/2020\/12\/Youth-Intervention-150x150.png 150w, https:\/\/globalone80.org\/wp-content\/uploads\/2020\/12\/Youth-Intervention-45x45.png 45w\" sizes=\"(max-width: 186px) 100vw, 186px\"><\/figure><div class=\"elementor-image-box-content\"><h3 class=\"elementor-image-box-title\">Intervenci\u00f3n juvenil<\/h3><\/div><\/div>\t\t\t\t<\/div>\n\t\t\t\t<div class=\"elementor-element elementor-element-c71b745 elementor-widget elementor-widget-text-editor\" data-id=\"c71b745\" data-element_type=\"widget\" data-e-type=\"widget\" data-widget_type=\"text-editor.default\">\n\t\t\t\t\t\t\t\t\tEl programa de Intervenci\u00f3n Juvenil forma parte de Arise One80, que presta servicio a j\u00f3venes urbanos pertenecientes a minor\u00edas que se enfrentan a retos sociales y econ\u00f3micos.\n<br><br>\nUna vez que se obtenga la recaudaci\u00f3n, proporcionamos ayuda econ\u00f3mica para satisfacer las necesidades educativas y profesionales, incluyendo material escolar, computadoras port\u00e1tiles y apoyo para la formaci\u00f3n profesional.\n<br><br>\nNuestro objetivo es ayudar a los j\u00f3venes a pasar de la vulnerabilidad a la estabilidad, las oportunidades y la independencia a largo plazo.\t\t\t\t\t\t\t\t<\/div>\n\t\t\t\t<div class=\"elementor-element elementor-element-bf2715f elementor-align-justify elementor-tablet-align-justify elementor-widget elementor-widget-button\" data-id=\"bf2715f\" data-element_type=\"widget\" data-e-type=\"widget\" data-widget_type=\"button.default\">\n\t\t\t\t\t\t\t\t\t\t<a class=\"elementor-button elementor-button-link elementor-size-sm\" href=\"https:\/\/gift.idonate.com\/global-one80\/youth-intervention-initiative\" target=\"_blank\" rel=\"nofollow noopener\">\n\t\t\t\t\t\t<span class=\"elementor-button-content-wrapper\">\n\t\t\t\t\t\t<span class=\"elementor-button-icon\">\n\t\t\t\t<svg aria-hidden=\"true\" class=\"e-font-icon-svg e-fas-hand-holding-heart\" viewbox=\"0 0 576 512\" xmlns=\"http:\/\/www.w3.org\/2000\/svg\"><path d=\"M275.3 250.5c7 7.4 18.4 7.4 25.5 0l108.9-114.2c31.6-33.2 29.8-88.2-5.6-118.8-30.8-26.7-76.7-21.9-104.9 7.7L288 36.9l-11.1-11.6C248.7-4.4 202.8-9.2 172 17.5c-35.3 30.6-37.2 85.6-5.6 118.8l108.9 114.2zm290 77.6c-11.8-10.7-30.2-10-42.6 0L430.3 402c-11.3 9.1-25.4 14-40 14H272c-8.8 0-16-7.2-16-16s7.2-16 16-16h78.3c15.9 0 30.7-10.9 33.3-26.6 3.3-20-12.1-37.4-31.6-37.4H192c-27 0-53.1 9.3-74.1 26.3L71.4 384H16c-8.8 0-16 7.2-16 16v96c0 8.8 7.2 16 16 16h356.8c14.5 0 28.6-4.9 40-14L564 377c15.2-12.1 16.4-35.3 1.3-48.9z\"><\/path><\/svg>\t\t\t<\/span>\n\t\t\t\t\t\t\t\t\t<span class=\"elementor-button-text\">DONAR<\/span>\n\t\t\t\t\t<\/span>\n\t\t\t\t\t<\/a>\n\t\t\t\t\t\t\t\t<\/div>\n\t\t\t\t<\/div>\n\t\t<div class=\"elementor-element elementor-element-685e079 e-con-full e-grid card-global animated-slow elementor-invisible e-con e-child\" data-id=\"685e079\" data-element_type=\"container\" data-e-type=\"container\" data-settings=\"{&quot;animation&quot;:&quot;fadeInUp&quot;,&quot;animation_mobile&quot;:&quot;none&quot;}\">\n\t\t\t\t<div class=\"elementor-element elementor-element-70cf55a elementor-position-left elementor-vertical-align-middle elementor-widget elementor-widget-image-box\" data-id=\"70cf55a\" data-element_type=\"widget\" data-e-type=\"widget\" data-widget_type=\"image-box.default\">\n\t\t\t\t\t<div class=\"elementor-image-box-wrapper\"><figure class=\"elementor-image-box-img\"><img loading=\"lazy\" decoding=\"async\" width=\"186\" height=\"186\" src=\"https:\/\/globalone80.org\/wp-content\/uploads\/2020\/12\/Women-Involvement.png\" class=\"attachment-full size-full wp-image-5587\" alt=\"Women Involvement\" srcset=\"https:\/\/globalone80.org\/wp-content\/uploads\/2020\/12\/Women-Involvement.png 186w, https:\/\/globalone80.org\/wp-content\/uploads\/2020\/12\/Women-Involvement-150x150.png 150w, https:\/\/globalone80.org\/wp-content\/uploads\/2020\/12\/Women-Involvement-45x45.png 45w\" sizes=\"(max-width: 186px) 100vw, 186px\"><\/figure><div class=\"elementor-image-box-content\"><h3 class=\"elementor-image-box-title\">Participaci\u00f3n de las mujeres<\/h3><\/div><\/div>\t\t\t\t<\/div>\n\t\t\t\t<div class=\"elementor-element elementor-element-4b21c7a elementor-widget elementor-widget-text-editor\" data-id=\"4b21c7a\" data-element_type=\"widget\" data-e-type=\"widget\" data-widget_type=\"text-editor.default\">\n\t\t\t\t\t\t\t\t\tEl programa Participaci\u00f3n de las mujeres forma parte de Arise One80, que empodera a las comunidades vulnerables mediante el apoyo a las mujeres maltratadas y vulnerables.\n<br><br>\nUna vez que se obtenga la recaudaci\u00f3n, proporcionamos asistencia financiera y apoyo pr\u00e1ctico para necesidades urgentes, como alimentos, alquiler, reparaciones de veh\u00edculos, seguridad, estabilizaci\u00f3n y servicios esenciales en momentos de crisis.\n<br><br>\nNuestro objetivo es ayudar a las mujeres a pasar de la crisis a la estabilidad con dignidad y esperanza renovada.\t\t\t\t\t\t\t\t<\/div>\n\t\t\t\t<div class=\"elementor-element elementor-element-79acafd elementor-align-justify elementor-tablet-align-justify elementor-widget elementor-widget-button\" data-id=\"79acafd\" data-element_type=\"widget\" data-e-type=\"widget\" data-widget_type=\"button.default\">\n\t\t\t\t\t\t\t\t\t\t<a class=\"elementor-button elementor-button-link elementor-size-sm\" href=\"https:\/\/gift.idonate.com\/global-one80\/women-envolvement-initiative\" target=\"_blank\" rel=\"nofollow noopener\">\n\t\t\t\t\t\t<span class=\"elementor-button-content-wrapper\">\n\t\t\t\t\t\t<span class=\"elementor-button-icon\">\n\t\t\t\t<svg aria-hidden=\"true\" class=\"e-font-icon-svg e-fas-hand-holding-heart\" viewbox=\"0 0 576 512\" xmlns=\"http:\/\/www.w3.org\/2000\/svg\"><path d=\"M275.3 250.5c7 7.4 18.4 7.4 25.5 0l108.9-114.2c31.6-33.2 29.8-88.2-5.6-118.8-30.8-26.7-76.7-21.9-104.9 7.7L288 36.9l-11.1-11.6C248.7-4.4 202.8-9.2 172 17.5c-35.3 30.6-37.2 85.6-5.6 118.8l108.9 114.2zm290 77.6c-11.8-10.7-30.2-10-42.6 0L430.3 402c-11.3 9.1-25.4 14-40 14H272c-8.8 0-16-7.2-16-16s7.2-16 16-16h78.3c15.9 0 30.7-10.9 33.3-26.6 3.3-20-12.1-37.4-31.6-37.4H192c-27 0-53.1 9.3-74.1 26.3L71.4 384H16c-8.8 0-16 7.2-16 16v96c0 8.8 7.2 16 16 16h356.8c14.5 0 28.6-4.9 40-14L564 377c15.2-12.1 16.4-35.3 1.3-48.9z\"><\/path><\/svg>\t\t\t<\/span>\n\t\t\t\t\t\t\t\t\t<span class=\"elementor-button-text\">DONAR<\/span>\n\t\t\t\t\t<\/span>\n\t\t\t\t\t<\/a>\n\t\t\t\t\t\t\t\t<\/div>\n\t\t\t\t<\/div>\n\t\t<div class=\"elementor-element elementor-element-d970f00 e-con-full e-grid card-global animated-slow elementor-invisible e-con e-child\" data-id=\"d970f00\" data-element_type=\"container\" data-e-type=\"container\" data-settings=\"{&quot;animation&quot;:&quot;fadeInUp&quot;,&quot;animation_mobile&quot;:&quot;none&quot;}\">\n\t\t\t\t<div class=\"elementor-element elementor-element-e4f96d0 elementor-position-left elementor-vertical-align-middle elementor-widget elementor-widget-image-box\" data-id=\"e4f96d0\" data-element_type=\"widget\" data-e-type=\"widget\" data-widget_type=\"image-box.default\">\n\t\t\t\t\t<div class=\"elementor-image-box-wrapper\"><figure class=\"elementor-image-box-img\"><img loading=\"lazy\" decoding=\"async\" width=\"93\" height=\"93\" src=\"https:\/\/globalone80.org\/wp-content\/uploads\/2026\/02\/Retired-Pastors-Independence.png\" class=\"attachment-full size-full wp-image-31800\" alt=\"Retired Pastors Independence\" srcset=\"https:\/\/globalone80.org\/wp-content\/uploads\/2026\/02\/Retired-Pastors-Independence.png 93w, https:\/\/globalone80.org\/wp-content\/uploads\/2026\/02\/Retired-Pastors-Independence-12x12.png 12w\" sizes=\"(max-width: 93px) 100vw, 93px\"><\/figure><div class=\"elementor-image-box-content\"><h3 class=\"elementor-image-box-title\">Independencia para pastores jubilados<\/h3><\/div><\/div>\t\t\t\t<\/div>\n\t\t\t\t<div class=\"elementor-element elementor-element-958d943 elementor-widget elementor-widget-text-editor\" data-id=\"958d943\" data-element_type=\"widget\" data-e-type=\"widget\" data-widget_type=\"text-editor.default\">\n\t\t\t\t\t\t\t\t\tEl programa Independencia para pastores jubilados forma parte de Arise One80 y rinde homenaje a los pastores de edad avanzada que carecen de una vivienda estable tras a\u00f1os de fiel ministerio.\n<br><br>\nUna vez que se obtenga la recaudaci\u00f3n, proporcionamos apoyo en materia de vivienda y asistencia financiera para ayudar a los pastores jubilados a conseguir un alojamiento seguro y digno.\n<br><br>\nNuestro objetivo es garantizar que disfruten de estabilidad, respeto y paz en esta etapa de su vida.\t\t\t\t\t\t\t\t<\/div>\n\t\t\t\t<div class=\"elementor-element elementor-element-d9a881d elementor-align-justify elementor-tablet-align-justify elementor-widget elementor-widget-button\" data-id=\"d9a881d\" data-element_type=\"widget\" data-e-type=\"widget\" data-widget_type=\"button.default\">\n\t\t\t\t\t\t\t\t\t\t<a class=\"elementor-button elementor-button-link elementor-size-sm\" href=\"https:\/\/gift.idonate.com\/global-one80\/retired-pastors-program\" target=\"_blank\" rel=\"nofollow noopener\">\n\t\t\t\t\t\t<span class=\"elementor-button-content-wrapper\">\n\t\t\t\t\t\t<span class=\"elementor-button-icon\">\n\t\t\t\t<svg aria-hidden=\"true\" class=\"e-font-icon-svg e-fas-hand-holding-heart\" viewbox=\"0 0 576 512\" xmlns=\"http:\/\/www.w3.org\/2000\/svg\"><path d=\"M275.3 250.5c7 7.4 18.4 7.4 25.5 0l108.9-114.2c31.6-33.2 29.8-88.2-5.6-118.8-30.8-26.7-76.7-21.9-104.9 7.7L288 36.9l-11.1-11.6C248.7-4.4 202.8-9.2 172 17.5c-35.3 30.6-37.2 85.6-5.6 118.8l108.9 114.2zm290 77.6c-11.8-10.7-30.2-10-42.6 0L430.3 402c-11.3 9.1-25.4 14-40 14H272c-8.8 0-16-7.2-16-16s7.2-16 16-16h78.3c15.9 0 30.7-10.9 33.3-26.6 3.3-20-12.1-37.4-31.6-37.4H192c-27 0-53.1 9.3-74.1 26.3L71.4 384H16c-8.8 0-16 7.2-16 16v96c0 8.8 7.2 16 16 16h356.8c14.5 0 28.6-4.9 40-14L564 377c15.2-12.1 16.4-35.3 1.3-48.9z\"><\/path><\/svg>\t\t\t<\/span>\n\t\t\t\t\t\t\t\t\t<span class=\"elementor-button-text\">DONAR<\/span>\n\t\t\t\t\t<\/span>\n\t\t\t\t\t<\/a>\n\t\t\t\t\t\t\t\t<\/div>\n\t\t\t\t<\/div>\n\t\t\t\t\t<\/div>\n\t\t\t\t<\/div>\n\t\t\t\t<\/div>","protected":false},"excerpt":{"rendered":"<p>Arise One80: We believe there are times when people need a hand up, not a hand down. It is a ministry of presence where we encounter people in&#8230;<\/p>","protected":false},"author":1,"featured_media":3312,"parent":0,"menu_order":0,"comment_status":"closed","ping_status":"closed","template":"","meta":{"_acf_changed":false,"footnotes":""},"class_list":["post-3307","page","type-page","status-publish","has-post-thumbnail","hentry"],"acf":[],"_links":{"self":[{"href":"https:\/\/globalone80.org\/es\/wp-json\/wp\/v2\/pages\/3307","targetHints":{"allow":["GET"]}}],"collection":[{"href":"https:\/\/globalone80.org\/es\/wp-json\/wp\/v2\/pages"}],"about":[{"href":"https:\/\/globalone80.org\/es\/wp-json\/wp\/v2\/types\/page"}],"author":[{"embeddable":true,"href":"https:\/\/globalone80.org\/es\/wp-json\/wp\/v2\/users\/1"}],"replies":[{"embeddable":true,"href":"https:\/\/globalone80.org\/es\/wp-json\/wp\/v2\/comments?post=3307"}],"version-history":[{"count":0,"href":"https:\/\/globalone80.org\/es\/wp-json\/wp\/v2\/pages\/3307\/revisions"}],"wp:featuredmedia":[{"embeddable":true,"href":"https:\/\/globalone80.org\/es\/wp-json\/wp\/v2\/media\/3312"}],"wp:attachment":[{"href":"https:\/\/globalone80.org\/es\/wp-json\/wp\/v2\/media?parent=3307"}],"curies":[{"name":"wp","href":"https:\/\/api.w.org\/{rel}","templated":true}]}}