{"id":29052,"date":"2024-12-07T02:37:55","date_gmt":"2024-12-07T02:37:55","guid":{"rendered":"https:\/\/globalone80.org\/?page_id=29052"},"modified":"2026-02-19T01:13:23","modified_gmt":"2026-02-19T01:13:23","slug":"sms-terms-and-conditions","status":"publish","type":"page","link":"https:\/\/globalone80.org\/es\/sms-terms-and-conditions\/","title":{"rendered":"T\u00c9RMINOS Y CONDICIONES DE LOS SMS"},"content":{"rendered":"<div data-elementor-type=\"wp-page\" data-elementor-id=\"29052\" class=\"elementor elementor-29052\" data-elementor-post-type=\"page\">\n\t\t\t\t<div class=\"elementor-element elementor-element-bb39c90 e-grid e-con-boxed e-con e-parent\" data-id=\"bb39c90\" data-element_type=\"container\" data-e-type=\"container\">\n\t\t\t\t\t<div class=\"e-con-inner\">\n\t\t\t\t<div class=\"elementor-element elementor-element-cf94d69 elementor-widget elementor-widget-text-editor\" data-id=\"cf94d69\" data-element_type=\"widget\" data-e-type=\"widget\" data-widget_type=\"text-editor.default\">\n\t\t\t\t\t\t\t\t\t<p><b>SMS para Comunicaci\u00f3n de Consentimiento<\/b><span style=\"font-weight: 400;\"><br \/><\/span><span style=\"font-weight: 400;\">\u00a0<\/span><span style=\"font-weight: 400;\"><br \/><\/span><i><span style=\"font-weight: 400;\">La informaci\u00f3n (720) 592-5964 obtenida como parte del proceso de consentimiento por SMS no se compartir\u00e1 con terceros para fines de marketing.<\/span><\/i><span style=\"font-weight: 400;\"><br \/><\/span><span style=\"font-weight: 400;\">\u00a0<\/span><span style=\"font-weight: 400;\"><br \/><\/span><b>Tipos de comunicaciones SMS<\/b><span style=\"font-weight: 400;\"><br \/><\/span><span style=\"font-weight: 400;\">\u00a0<\/span><span style=\"font-weight: 400;\"><br \/><\/span><span style=\"font-weight: 400;\">Si ha dado su consentimiento para recibir mensajes de texto de Global One80, INC, es posible que reciba mensajes de texto relacionados con boletines mensuales, cuentas de apoyo para donaciones, solicitudes para convertirse en un l\u00edder respaldado por nosotros y oportunidades de viajes de visi\u00f3n.\u00a0<\/span><\/p><p><span style=\"font-weight: 400;\">Nuestra mensajer\u00eda est\u00e1ndar ser\u00e1 la siguiente:<\/span><\/p><p><i><span style=\"font-weight: 400;\">Hello, thank you for contacting Global One80, INC. How can we help you? Reply STOP to opt out at any time. Message and data\u00a0rates may apply. For assistance, text HELP or visit our <a href=\"https:\/\/globalone80.org\/es\/privacy-policy\/\" target=\"_blank\" rel=\"noopener\">Pol\u00edtica de Privacidad<\/a>\u00a0and\u00a0Terms of Service.<\/span><\/i><span style=\"font-weight: 400;\"><br \/><\/span><span style=\"font-weight: 400;\">\u00a0<\/span><span style=\"font-weight: 400;\"><br \/><\/span><b><i>Frecuencia de mensajes<\/i><\/b><i><span style=\"font-weight: 400;\"><br \/><\/span><\/i><i><span style=\"font-weight: 400;\"><br \/><\/span><\/i><i><span style=\"font-weight: 400;\">Nuestra frecuencia de mensajes SMS ser\u00e1 de 10 a 100 mensajes de texto diarios para todos los usuarios.\u00a0<\/span><\/i><\/p><p><span style=\"font-weight: 400;\">\u00a0<\/span><b><i>Tarifas potenciales por mensajer\u00eda SMS<\/i><\/b><i><span style=\"font-weight: 400;\"><br \/><\/span><\/i><i><span style=\"font-weight: 400;\"><br \/><\/span><\/i><i><span style=\"font-weight: 400;\">Es posible que se apliquen tarifas est\u00e1ndar de mensajes y datos seg\u00fan el plan de su operador de telefon\u00eda m\u00f3vil. Consulte con su operador para obtener m\u00e1s detalles.<\/span><\/i><\/p><p><b>Usos prohibidos<\/b><\/p><p><span style=\"font-weight: 400;\">Usted acepta no utilizar nuestros servicios de SMS para:<\/span><\/p><ul><li style=\"font-weight: 400;\" aria-level=\"1\"><span style=\"font-weight: 400;\">Enviar mensajes fraudulentos o no autorizados.<\/span><\/li><li style=\"font-weight: 400;\" aria-level=\"1\"><span style=\"font-weight: 400;\">Violar cualquier ley o regulaci\u00f3n, incluida la Ley de Protecci\u00f3n al Consumidor Telef\u00f3nico (TCPA) y las pautas TCR aplicables.<\/span><\/li><li style=\"font-weight: 400;\" aria-level=\"1\"><span style=\"font-weight: 400;\">Acosar, difamar o abusar de otros.<\/span><\/li><\/ul><p><span style=\"font-weight: 400;\">Global One80, INC se reserva el derecho de cancelar el servicio por violaciones.<\/span><\/p><p><b>Cumplimiento de las directrices del TCR<\/b><\/p><p><span style=\"font-weight: 400;\">Nuestras campa\u00f1as de SMS est\u00e1n registradas en The Campaign Registry (TCR) para garantizar el cumplimiento de las regulaciones de la industria.<\/span><\/p><ul><li style=\"font-weight: 400;\" aria-level=\"1\"><span style=\"font-weight: 400;\">Los mensajes s\u00f3lo se enviar\u00e1n a aquellos usuarios que lo hayan aceptado expl\u00edcitamente.<\/span><\/li><li style=\"font-weight: 400;\" aria-level=\"1\"><span style=\"font-weight: 400;\">Se incluir\u00e1n instrucciones claras para cancelar la suscripci\u00f3n en cada mensaje.<\/span><\/li><li style=\"font-weight: 400;\" aria-level=\"1\"><span style=\"font-weight: 400;\">Las campa\u00f1as cumplen con todas las leyes aplicables y los requisitos del operador.<\/span><\/li><li style=\"font-weight: 400;\" aria-level=\"1\"><span style=\"font-weight: 400;\">Este acuerdo para SMS no se compartir\u00e1 con terceros para fines de marketing.<\/span><\/li><li style=\"font-weight: 400;\" aria-level=\"1\"><span style=\"font-weight: 400;\">Los clientes podr\u00e1n optar por no recibir mensajes SMS de Global One80, INC respondiendo STOP en cualquier momento a cualquier mensaje SMS recibido. Una vez que hayan optado por no recibirlos, no recibir\u00e1n m\u00e1s comunicaciones SMS. Pueden volver a optar por recibirlos en cualquier momento respondiendo START<\/span><span style=\"font-weight: 400;\"><br \/><\/span><\/li><\/ul><p><b><i>Privacidad<\/i><\/b><\/p><p><span style=\"font-weight: 400;\">Respetamos su privacidad. Al suscribirse a nuestros mensajes SMS, usted acepta que recopilemos, usemos y almacenemos sus datos tal como se describe en nuestra Pol\u00edtica de privacidad. <\/span><a href=\"https:\/\/globalone80.org\/es\/privacy-policy\/\" target=\"_blank\" rel=\"noopener\"><i>Pol\u00edtica de Privacidad<\/i><\/a><\/p><p><b>Cont\u00e1ctanos<\/b><\/p><p><span style=\"font-weight: 400;\">Si tiene preguntas o inquietudes con respecto a estos T\u00e9rminos o nuestros servicios de SMS, cont\u00e1ctenos a:<\/span><\/p><p><span style=\"font-weight: 400;\">Global One80, INC<\/span><span style=\"font-weight: 400;\"><br \/><\/span><span style=\"font-weight: 400;\">851 N Stapley Dr, Mesa, AZ 85203<\/span><span style=\"font-weight: 400;\"><br \/><\/span><span style=\"font-weight: 400;\">Correo electr\u00f3nico: <a href=\"mailto:Operations@Globalone80.org\">Operations@Globalone80.org<\/a><\/span><span style=\"font-weight: 400;\"><br \/><\/span><span style=\"font-weight: 400;\">Tel\u00e9fono: (720) 592-5964<\/span><\/p><p><b>Reconocimiento<\/b><\/p><p><span style=\"font-weight: 400;\">Al suscribirse a nuestro servicio de mensajer\u00eda SMS, usted reconoce y acepta estos T\u00e9rminos de Servicio.<\/span><\/p>\t\t\t\t\t\t\t\t<\/div>\n\t\t\t\t\t<\/div>\n\t\t\t\t<\/div>\n\t\t\t\t<\/div>","protected":false},"excerpt":{"rendered":"<p>SMS For Consent Communication\u00a0The information (720) 592-5964 obtained as part of the SMS consent process will not be shared with third parties for marketing purposes.\u00a0Types of SMS Communications\u00a0If you have consented to receive text messages from Global One80, INC, you may receive text messages related to monthly newsletters, donation support accounts, applying to become an [&hellip;]<\/p>\n","protected":false},"author":1,"featured_media":0,"parent":0,"menu_order":0,"comment_status":"closed","ping_status":"closed","template":"","meta":{"_acf_changed":false,"footnotes":""},"class_list":["post-29052","page","type-page","status-publish","hentry"],"acf":[],"_links":{"self":[{"href":"https:\/\/globalone80.org\/es\/wp-json\/wp\/v2\/pages\/29052","targetHints":{"allow":["GET"]}}],"collection":[{"href":"https:\/\/globalone80.org\/es\/wp-json\/wp\/v2\/pages"}],"about":[{"href":"https:\/\/globalone80.org\/es\/wp-json\/wp\/v2\/types\/page"}],"author":[{"embeddable":true,"href":"https:\/\/globalone80.org\/es\/wp-json\/wp\/v2\/users\/1"}],"replies":[{"embeddable":true,"href":"https:\/\/globalone80.org\/es\/wp-json\/wp\/v2\/comments?post=29052"}],"version-history":[{"count":0,"href":"https:\/\/globalone80.org\/es\/wp-json\/wp\/v2\/pages\/29052\/revisions"}],"wp:attachment":[{"href":"https:\/\/globalone80.org\/es\/wp-json\/wp\/v2\/media?parent=29052"}],"curies":[{"name":"wp","href":"https:\/\/api.w.org\/{rel}","templated":true}]}}