{"id":201,"date":"2020-10-09T01:27:21","date_gmt":"2020-10-09T01:27:21","guid":{"rendered":"http:\/\/54.198.220.156\/?page_id=201"},"modified":"2026-02-18T02:09:24","modified_gmt":"2026-02-18T02:09:24","slug":"edge-one80","status":"publish","type":"page","link":"https:\/\/globalone80.org\/es\/edge-one80\/","title":{"rendered":"Edge One80"},"content":{"rendered":"<div data-elementor-type=\"wp-page\" data-elementor-id=\"201\" class=\"elementor elementor-201\" data-elementor-post-type=\"page\">\n\t\t\t\t<div class=\"elementor-element elementor-element-fd38488 e-grid e-con-boxed e-con e-parent\" data-id=\"fd38488\" data-element_type=\"container\" data-e-type=\"container\" data-settings=\"{&quot;background_background&quot;:&quot;classic&quot;}\">\n\t\t\t\t\t<div class=\"e-con-inner\">\n\t\t\t\t<div class=\"elementor-element elementor-element-bae415c elementor-position-left elementor-vertical-align-middle elementor-widget__width-inherit elementor-widget elementor-widget-image-box\" data-id=\"bae415c\" data-element_type=\"widget\" data-e-type=\"widget\" data-widget_type=\"image-box.default\">\n\t\t\t\t\t<div class=\"elementor-image-box-wrapper\"><figure class=\"elementor-image-box-img\"><img decoding=\"async\" width=\"238\" height=\"107\" src=\"https:\/\/globalone80.org\/wp-content\/uploads\/2024\/04\/Edge-One80-Logo-1.webp\" class=\"attachment-full size-full wp-image-24223\" alt=\"Edge One80\" srcset=\"https:\/\/globalone80.org\/wp-content\/uploads\/2024\/04\/Edge-One80-Logo-1.webp 238w, https:\/\/globalone80.org\/wp-content\/uploads\/2024\/04\/Edge-One80-Logo-1-18x8.webp 18w\" sizes=\"(max-width: 238px) 100vw, 238px\"><\/figure><div class=\"elementor-image-box-content\"><h2 class=\"elementor-image-box-title translation-block\">Un viaje... Una <strong> experiencia <\/strong> que cambia la vida<\/h2><p class=\"elementor-image-box-description\">Tenemos varios viajes planeados para su Edge Experience. Algunos de los viajes son dirigidos por l\u00edderes de Global One80 o por l\u00edderes que han establecido una alianza estrat\u00e9gica con nosotros.\n<br><br>\nSi desea dise\u00f1ar su propia Experiencia Edge, por favor <a href=\"https:\/\/globalone80.org\/es\/contact\/\"><span style=\"text-decoration: underline\"><span style=\"color: #ffffff;text-decoration: underline\">cont\u00e1ctenos<\/span><\/span><\/a>, y podemos ayudarte con el presupuesto y ponerte en contacto con l\u00edderes destacados.<\/p><\/div><\/div>\t\t\t\t<\/div>\n\t\t\t\t\t<\/div>\n\t\t\t\t<\/div>\n\t\t<div class=\"elementor-element elementor-element-ccd23f9 e-grid e-con-boxed e-con e-parent\" data-id=\"ccd23f9\" data-element_type=\"container\" data-e-type=\"container\">\n\t\t\t\t\t<div class=\"e-con-inner\">\n\t\t\t\t<div class=\"elementor-element elementor-element-6f8f129 elementor-widget elementor-widget-heading\" data-id=\"6f8f129\" data-element_type=\"widget\" data-e-type=\"widget\" data-widget_type=\"heading.default\">\n\t\t\t\t\t<h3 class=\"elementor-heading-title elementor-size-default\">Prepar\u00e1ndote para su viaje:<\/h3>\t\t\t\t<\/div>\n\t\t<div class=\"elementor-element elementor-element-57bbe04 e-con-full e-grid card-global animated-slow elementor-invisible e-con e-child\" data-id=\"57bbe04\" data-element_type=\"container\" data-e-type=\"container\" data-settings=\"{&quot;animation&quot;:&quot;fadeInUp&quot;,&quot;animation_mobile&quot;:&quot;none&quot;}\">\n\t\t\t\t<div class=\"elementor-element elementor-element-4b43d10 elementor-position-top elementor-widget elementor-widget-image-box\" data-id=\"4b43d10\" data-element_type=\"widget\" data-e-type=\"widget\" data-widget_type=\"image-box.default\">\n\t\t\t\t\t<div class=\"elementor-image-box-wrapper\"><figure class=\"elementor-image-box-img\"><img decoding=\"async\" width=\"186\" height=\"186\" src=\"https:\/\/globalone80.org\/wp-content\/uploads\/2020\/12\/Connecting.png\" class=\"attachment-full size-full wp-image-5597\" alt=\"Connecting\" srcset=\"https:\/\/globalone80.org\/wp-content\/uploads\/2020\/12\/Connecting.png 186w, https:\/\/globalone80.org\/wp-content\/uploads\/2020\/12\/Connecting-150x150.png 150w, https:\/\/globalone80.org\/wp-content\/uploads\/2020\/12\/Connecting-45x45.png 45w\" sizes=\"(max-width: 186px) 100vw, 186px\"><\/figure><div class=\"elementor-image-box-content\"><h3 class=\"elementor-image-box-title\">Hazte presente<\/h3><p class=\"elementor-image-box-description translation-block\">con una <span style=\"color: #c63555\"> <strong> Comunidad <\/strong> <\/span> <br> Establece relaciones intencionales.<br> <b> Hazte presente. <\/b><\/p><\/div><\/div>\t\t\t\t<\/div>\n\t\t\t\t<div class=\"elementor-element elementor-element-ccc96ab elementor-align-center elementor-tablet-align-justify elementor-widget elementor-widget-button\" data-id=\"ccc96ab\" data-element_type=\"widget\" data-e-type=\"widget\" data-widget_type=\"button.default\">\n\t\t\t\t\t\t\t\t\t\t<a class=\"elementor-button elementor-button-link elementor-size-sm\" href=\"https:\/\/globalone80.org\/es\/impact-initiative-i2-projects\/\" target=\"_blank\">\n\t\t\t\t\t\t<span class=\"elementor-button-content-wrapper\">\n\t\t\t\t\t\t<span class=\"elementor-button-icon\">\n\t\t\t\t<svg aria-hidden=\"true\" class=\"e-font-icon-svg e-fas-heart\" viewbox=\"0 0 512 512\" xmlns=\"http:\/\/www.w3.org\/2000\/svg\"><path d=\"M462.3 62.6C407.5 15.9 326 24.3 275.7 76.2L256 96.5l-19.7-20.3C186.1 24.3 104.5 15.9 49.7 62.6c-62.8 53.6-66.1 149.8-9.9 207.9l193.5 199.8c12.5 12.9 32.8 12.9 45.3 0l193.5-199.8c56.3-58.1 53-154.3-9.8-207.9z\"><\/path><\/svg>\t\t\t<\/span>\n\t\t\t\t\t\t\t\t\t<span class=\"elementor-button-text\">Encuentra un viaje<\/span>\n\t\t\t\t\t<\/span>\n\t\t\t\t\t<\/a>\n\t\t\t\t\t\t\t\t<\/div>\n\t\t\t\t<\/div>\n\t\t<div class=\"elementor-element elementor-element-dafeb61 e-con-full e-grid card-global animated-slow elementor-invisible e-con e-child\" data-id=\"dafeb61\" data-element_type=\"container\" data-e-type=\"container\" data-settings=\"{&quot;animation&quot;:&quot;fadeInUp&quot;,&quot;animation_mobile&quot;:&quot;none&quot;}\">\n\t\t\t\t<div class=\"elementor-element elementor-element-6fe96cb elementor-position-top elementor-widget elementor-widget-image-box\" data-id=\"6fe96cb\" data-element_type=\"widget\" data-e-type=\"widget\" data-widget_type=\"image-box.default\">\n\t\t\t\t\t<div class=\"elementor-image-box-wrapper\"><figure class=\"elementor-image-box-img\"><img decoding=\"async\" width=\"186\" height=\"186\" src=\"https:\/\/globalone80.org\/wp-content\/uploads\/2020\/12\/Caring.png\" class=\"attachment-full size-full wp-image-5596\" alt=\"Caring\" srcset=\"https:\/\/globalone80.org\/wp-content\/uploads\/2020\/12\/Caring.png 186w, https:\/\/globalone80.org\/wp-content\/uploads\/2020\/12\/Caring-150x150.png 150w, https:\/\/globalone80.org\/wp-content\/uploads\/2020\/12\/Caring-45x45.png 45w\" sizes=\"(max-width: 186px) 100vw, 186px\"><\/figure><div class=\"elementor-image-box-content\"><h3 class=\"elementor-image-box-title\">Participa<\/h3><p class=\"elementor-image-box-description translation-block\">para una <span style=\"color:#c63555\"> <strong> Causa <\/strong> <\/span> <br> Construye un puente duradero, <br> <strong> Participa. <\/strong><\/p><\/div><\/div>\t\t\t\t<\/div>\n\t\t\t\t<div class=\"elementor-element elementor-element-be0c601 elementor-align-center elementor-tablet-align-justify elementor-widget elementor-widget-button\" data-id=\"be0c601\" data-element_type=\"widget\" data-e-type=\"widget\" data-widget_type=\"button.default\">\n\t\t\t\t\t\t\t\t\t\t<a class=\"elementor-button elementor-button-link elementor-size-sm\" href=\"https:\/\/globalone80.org\/es\/donate\/\" target=\"_blank\">\n\t\t\t\t\t\t<span class=\"elementor-button-content-wrapper\">\n\t\t\t\t\t\t<span class=\"elementor-button-icon\">\n\t\t\t\t<svg aria-hidden=\"true\" class=\"e-font-icon-svg e-fas-hand-holding-heart\" viewbox=\"0 0 576 512\" xmlns=\"http:\/\/www.w3.org\/2000\/svg\"><path d=\"M275.3 250.5c7 7.4 18.4 7.4 25.5 0l108.9-114.2c31.6-33.2 29.8-88.2-5.6-118.8-30.8-26.7-76.7-21.9-104.9 7.7L288 36.9l-11.1-11.6C248.7-4.4 202.8-9.2 172 17.5c-35.3 30.6-37.2 85.6-5.6 118.8l108.9 114.2zm290 77.6c-11.8-10.7-30.2-10-42.6 0L430.3 402c-11.3 9.1-25.4 14-40 14H272c-8.8 0-16-7.2-16-16s7.2-16 16-16h78.3c15.9 0 30.7-10.9 33.3-26.6 3.3-20-12.1-37.4-31.6-37.4H192c-27 0-53.1 9.3-74.1 26.3L71.4 384H16c-8.8 0-16 7.2-16 16v96c0 8.8 7.2 16 16 16h356.8c14.5 0 28.6-4.9 40-14L564 377c15.2-12.1 16.4-35.3 1.3-48.9z\"><\/path><\/svg>\t\t\t<\/span>\n\t\t\t\t\t\t\t\t\t<span class=\"elementor-button-text\">DONAR<\/span>\n\t\t\t\t\t<\/span>\n\t\t\t\t\t<\/a>\n\t\t\t\t\t\t\t\t<\/div>\n\t\t\t\t<\/div>\n\t\t<div class=\"elementor-element elementor-element-90e1232 e-con-full e-grid card-global animated-slow elementor-invisible e-con e-child\" data-id=\"90e1232\" data-element_type=\"container\" data-e-type=\"container\" data-settings=\"{&quot;animation&quot;:&quot;fadeInUp&quot;,&quot;animation_mobile&quot;:&quot;none&quot;}\">\n\t\t\t\t<div class=\"elementor-element elementor-element-d4e0214 elementor-position-top elementor-widget elementor-widget-image-box\" data-id=\"d4e0214\" data-element_type=\"widget\" data-e-type=\"widget\" data-widget_type=\"image-box.default\">\n\t\t\t\t\t<div class=\"elementor-image-box-wrapper\"><figure class=\"elementor-image-box-img\"><img loading=\"lazy\" decoding=\"async\" width=\"185\" height=\"186\" src=\"https:\/\/globalone80.org\/wp-content\/uploads\/2020\/12\/Capturing.png\" class=\"attachment-full size-full wp-image-5598\" alt=\"Capturing\" srcset=\"https:\/\/globalone80.org\/wp-content\/uploads\/2020\/12\/Capturing.png 185w, https:\/\/globalone80.org\/wp-content\/uploads\/2020\/12\/Capturing-150x150.png 150w, https:\/\/globalone80.org\/wp-content\/uploads\/2020\/12\/Capturing-45x45.png 45w\" sizes=\"(max-width: 185px) 100vw, 185px\"><\/figure><div class=\"elementor-image-box-content\"><h3 class=\"elementor-image-box-title\">Comprom\u00e9tete<\/h3><p class=\"elementor-image-box-description translation-block\">con una <strong> <span style=\"color:#c63555\"> Cultura <\/span> <\/strong> Aboga por las voces inauditas, <strong><br>S\u00e9 comprometido. <\/strong><\/p><\/div><\/div>\t\t\t\t<\/div>\n\t\t\t\t<div class=\"elementor-element elementor-element-45c1cb9 elementor-align-center elementor-tablet-align-justify elementor-widget elementor-widget-button\" data-id=\"45c1cb9\" data-element_type=\"widget\" data-e-type=\"widget\" data-widget_type=\"button.default\">\n\t\t\t\t\t\t\t\t\t\t<a class=\"elementor-button elementor-button-link elementor-size-sm\" href=\"https:\/\/globalone80.org\/es\/contact\/\" target=\"_blank\">\n\t\t\t\t\t\t<span class=\"elementor-button-content-wrapper\">\n\t\t\t\t\t\t<span class=\"elementor-button-icon\">\n\t\t\t\t<svg aria-hidden=\"true\" class=\"e-font-icon-svg e-fas-hands-helping\" viewbox=\"0 0 640 512\" xmlns=\"http:\/\/www.w3.org\/2000\/svg\"><path d=\"M488 192H336v56c0 39.7-32.3 72-72 72s-72-32.3-72-72V126.4l-64.9 39C107.8 176.9 96 197.8 96 220.2v47.3l-80 46.2C.7 322.5-4.6 342.1 4.3 357.4l80 138.6c8.8 15.3 28.4 20.5 43.7 11.7L231.4 448H368c35.3 0 64-28.7 64-64h16c17.7 0 32-14.3 32-32v-64h8c13.3 0 24-10.7 24-24v-48c0-13.3-10.7-24-24-24zm147.7-37.4L555.7 16C546.9.7 527.3-4.5 512 4.3L408.6 64H306.4c-12 0-23.7 3.4-33.9 9.7L239 94.6c-9.4 5.8-15 16.1-15 27.1V248c0 22.1 17.9 40 40 40s40-17.9 40-40v-88h184c30.9 0 56 25.1 56 56v28.5l80-46.2c15.3-8.9 20.5-28.4 11.7-43.7z\"><\/path><\/svg>\t\t\t<\/span>\n\t\t\t\t\t\t\t\t\t<span class=\"elementor-button-text\">Inscribirse para un viaje<\/span>\n\t\t\t\t\t<\/span>\n\t\t\t\t\t<\/a>\n\t\t\t\t\t\t\t\t<\/div>\n\t\t\t\t<\/div>\n\t\t\t\t<div class=\"elementor-element elementor-element-01fee7e elementor-widget elementor-widget-heading\" data-id=\"01fee7e\" data-element_type=\"widget\" data-e-type=\"widget\" data-widget_type=\"heading.default\">\n\t\t\t\t\t<h2 class=\"elementor-heading-title elementor-size-default\"><a href=\"https:\/\/esgabrielweb.com\/proyecto\/global-one80\/\" target=\"_blank\" rel=\"noopener\">Program Edge One80<\/a><\/h2>\t\t\t\t<\/div>\n\t\t\t\t\t<\/div>\n\t\t\t\t<\/div>\n\t\t\t\t<\/div>","protected":false},"excerpt":{"rendered":"<p>Edge One80. We have various trips planned for your Edge Experience. Some of the trips are led by Global One80 leaders or hosted by leaders that<\/p>","protected":false},"author":1,"featured_media":3253,"parent":0,"menu_order":0,"comment_status":"closed","ping_status":"closed","template":"","meta":{"_acf_changed":false,"footnotes":""},"class_list":["post-201","page","type-page","status-publish","has-post-thumbnail","hentry"],"acf":[],"_links":{"self":[{"href":"https:\/\/globalone80.org\/es\/wp-json\/wp\/v2\/pages\/201","targetHints":{"allow":["GET"]}}],"collection":[{"href":"https:\/\/globalone80.org\/es\/wp-json\/wp\/v2\/pages"}],"about":[{"href":"https:\/\/globalone80.org\/es\/wp-json\/wp\/v2\/types\/page"}],"author":[{"embeddable":true,"href":"https:\/\/globalone80.org\/es\/wp-json\/wp\/v2\/users\/1"}],"replies":[{"embeddable":true,"href":"https:\/\/globalone80.org\/es\/wp-json\/wp\/v2\/comments?post=201"}],"version-history":[{"count":0,"href":"https:\/\/globalone80.org\/es\/wp-json\/wp\/v2\/pages\/201\/revisions"}],"wp:featuredmedia":[{"embeddable":true,"href":"https:\/\/globalone80.org\/es\/wp-json\/wp\/v2\/media\/3253"}],"wp:attachment":[{"href":"https:\/\/globalone80.org\/es\/wp-json\/wp\/v2\/media?parent=201"}],"curies":[{"name":"wp","href":"https:\/\/api.w.org\/{rel}","templated":true}]}}